{"id":11,"date":"2017-03-24T22:33:12","date_gmt":"2017-03-24T22:33:12","guid":{"rendered":"https:\/\/telegram-channel.net\/es\/?page_id=11"},"modified":"2022-07-19T19:40:08","modified_gmt":"2022-07-19T19:40:08","slug":"login","status":"publish","type":"page","link":"https:\/\/telegram-channel.net\/es\/login\/","title":{"rendered":"Ingresar"},"content":{"rendered":"        \r\n                    <div class=\"uk-width-large uk-margin-auto uk-card uk-card-body uk-padding-remove\">\r\n                <h3 class=\"uk-card-title uk-text-center uk-margin-medium-bottom\">Ingresar<\/h3>\r\n                <form id=\"login\" action=\"\" method=\"post\">\r\n                    <div class=\"status\">\r\n                                            <\/div>\r\n                                        <div class=\"uk-margin\">\r\n                        <div class=\"uk-grid uk-child-width-1-1 uk-grid-small\" data-uk-grid>\r\n                                                        <div>\r\n                                <a href=\"?oauth=google\" class=\"uk-button uk-button-large uk-button-default uk-width-1-1\">\r\n                                    <img decoding=\"async\" src=\"https:\/\/telegram-channel.net\/es\/wp-content\/plugins\/social-media-directory-users\/assets\/images\/g-logo.png\" alt=\"Google logo\" class=\"smd-users-social-login-logo\">\r\n                                    Inicia sesi\u00f3n con Google                                <\/a>\r\n                            <\/div>\r\n                                                                                <\/div>\r\n                    <\/div>\r\n                    <div class=\"uk-margin-medium\">\r\n                        <p class=\"uk-heading-line uk-text-center uk-padding-small uk-padding-remove-horizontal\"><span>O<span><\/p>\r\n                    <\/div>\r\n                                        <div class=\"uk-margin\">\r\n                        <div class=\"uk-inline uk-width-1-1\">\r\n                            <span class=\"uk-form-icon\" data-uk-icon=\"icon: mail\"><\/span>\r\n                            <input type=\"text\" name=\"email\" id=\"email\" class=\"uk-input uk-form-large\" placeholder=\"Correo electr\u00f3nico\" data-rule-required=\"true\" data-rule-email=\"true\" data-msg-required=\"El campo de correo electr\u00f3nico es obligatorio.\" data-msg-email=\"Por favor, introduce una direcci\u00f3n de correo electr\u00f3nico v\u00e1lida.\">\r\n                        <\/div>\r\n                    <\/div>\r\n                    <div class=\"uk-margin\">\r\n                        <div class=\"uk-inline uk-width-1-1\">\r\n                            <span class=\"uk-form-icon\" data-uk-icon=\"icon: lock\"><\/span>\r\n                            <input type=\"password\" name=\"password\" id=\"password\" class=\"uk-input uk-form-large\" placeholder=\"Clave\" data-rule-required=\"true\" data-msg-required=\"El campo de contrase\u00f1a es obligatorio.\">\r\n                            <a href=\"#\" onclick=\"passwordRevealToggle('password')\" class=\"uk-form-icon uk-form-icon-flip\"><span data-uk-icon=\"eye\"><\/span>\r\n                      <\/a>\r\n                        <\/div>\r\n                    <\/div>\r\n                    <div class=\"uk-margin\">\r\n                        <label>\r\n                            <input type=\"checkbox\" name=\"remember\" id=\"remember\" class=\"uk-checkbox\"> Recu\u00e9rdame                        <\/label>\r\n                    <\/div>\r\n                    <div class=\"uk-margin\">\r\n                        <button type=\"submit\" name=\"submit\" class=\"uk-button uk-button-secondary uk-button-large uk-width-1-1\">Ingresar<\/button>\r\n                    <\/div>\r\n                    <div class=\"uk-text-small uk-text-center\">\r\n                        <p><a href=\"https:\/\/telegram-channel.net\/es\/forgot-password\/\">Contrase\u00f1a olvidada<\/a><\/p>\r\n                        <p>No registrado? <a href=\"https:\/\/telegram-channel.net\/es\/register\/\">Crea una cuenta<\/a><\/p>\r\n                    <\/div>\r\n                    <input type=\"hidden\" id=\"security\" name=\"security\" value=\"72da82cd8e\" \/><input type=\"hidden\" name=\"_wp_http_referer\" value=\"\/es\/wp-json\/wp\/v2\/pages\/11\" \/>                <\/form>\r\n            <\/div>\r\n                \r\n        \n","protected":false},"excerpt":{"rendered":"","protected":false},"author":1,"featured_media":0,"parent":0,"menu_order":0,"comment_status":"closed","ping_status":"closed","template":"clean-page-template.php","meta":{"footnotes":""},"class_list":["post-11","page","type-page","status-publish","hentry"],"aioseo_notices":[],"_links":{"self":[{"href":"https:\/\/telegram-channel.net\/es\/wp-json\/wp\/v2\/pages\/11","targetHints":{"allow":["GET"]}}],"collection":[{"href":"https:\/\/telegram-channel.net\/es\/wp-json\/wp\/v2\/pages"}],"about":[{"href":"https:\/\/telegram-channel.net\/es\/wp-json\/wp\/v2\/types\/page"}],"author":[{"embeddable":true,"href":"https:\/\/telegram-channel.net\/es\/wp-json\/wp\/v2\/users\/1"}],"replies":[{"embeddable":true,"href":"https:\/\/telegram-channel.net\/es\/wp-json\/wp\/v2\/comments?post=11"}],"version-history":[{"count":0,"href":"https:\/\/telegram-channel.net\/es\/wp-json\/wp\/v2\/pages\/11\/revisions"}],"wp:attachment":[{"href":"https:\/\/telegram-channel.net\/es\/wp-json\/wp\/v2\/media?parent=11"}],"curies":[{"name":"wp","href":"https:\/\/api.w.org\/{rel}","templated":true}]}}