{"id":125134,"date":"2021-05-04T18:24:00","date_gmt":"2021-05-04T18:24:00","guid":{"rendered":"https:\/\/telegram-channel.net\/es\/?page_id=125134"},"modified":"2022-07-19T19:40:06","modified_gmt":"2022-07-19T19:40:06","slug":"forgot-password","status":"publish","type":"page","link":"https:\/\/telegram-channel.net\/es\/forgot-password\/","title":{"rendered":"Contrase\u00f1a olvidada"},"content":{"rendered":"        \r\n                    <div class=\"uk-width-large uk-margin-auto uk-card uk-card-body uk-padding-remove\">\r\n                                <h3 class=\"uk-card-title uk-text-center uk-margin-medium-bottom\">Contrase\u00f1a olvidada<\/h3>\r\n                <p>Ingrese su direcci\u00f3n de correo electr\u00f3nico que utiliz\u00f3 para registrarse. Le enviaremos un correo electr\u00f3nico con un enlace para restablecer su contrase\u00f1a.<\/p>\r\n                <form id=\"forgot_pwd\" action=\"\" method=\"post\">\r\n                    <div class=\"status\"><\/div>\r\n                    <div class=\"uk-margin\">\r\n                        <div class=\"uk-inline uk-width-1-1\">\r\n                            <span class=\"uk-form-icon\" data-uk-icon=\"icon: mail\"><\/span>\r\n                            <input type=\"text\" name=\"email\" id=\"email\" class=\"uk-input uk-form-large\" placeholder=\"Correo electr\u00f3nico\" data-rule-required=\"true\" data-rule-email=\"true\" data-msg-required=\"El campo de correo electr\u00f3nico es obligatorio.\" data-msg-email=\"Por favor, introduce una direcci\u00f3n de correo electr\u00f3nico v\u00e1lida.\">\r\n                        <\/div>\r\n                    <\/div>\r\n                    <div class=\"uk-margin\">\r\n                        <div class=\"g-recaptcha\" data-sitekey=\"6Ld59xwaAAAAAPT24tPkTyNsOa9JUe-JDXt8XVSW\"><\/div>                    <\/div>\r\n                    <div class=\"uk-margin\">\r\n                        <button class=\"uk-button uk-button-secondary uk-button-large uk-width-1-1\">Enviar<\/button>\r\n                    <\/div>\r\n                    <div class=\"uk-text-small uk-text-center\">\r\n                        <a href=\"https:\/\/telegram-channel.net\/es\/login\/\">Atr\u00e1s para iniciar sesi\u00f3n<\/a>\r\n                    <\/div>\r\n                    <input type=\"hidden\" id=\"security\" name=\"security\" value=\"de7c3c2417\" \/><input type=\"hidden\" name=\"_wp_http_referer\" value=\"\/es\/wp-json\/wp\/v2\/pages\/125134\" \/>                <\/form>\r\n                            <\/div>\r\n                \r\n        \n","protected":false},"excerpt":{"rendered":"","protected":false},"author":1,"featured_media":0,"parent":0,"menu_order":0,"comment_status":"closed","ping_status":"closed","template":"clean-page-template.php","meta":{"footnotes":""},"class_list":["post-125134","page","type-page","status-publish","hentry"],"aioseo_notices":[],"_links":{"self":[{"href":"https:\/\/telegram-channel.net\/es\/wp-json\/wp\/v2\/pages\/125134","targetHints":{"allow":["GET"]}}],"collection":[{"href":"https:\/\/telegram-channel.net\/es\/wp-json\/wp\/v2\/pages"}],"about":[{"href":"https:\/\/telegram-channel.net\/es\/wp-json\/wp\/v2\/types\/page"}],"author":[{"embeddable":true,"href":"https:\/\/telegram-channel.net\/es\/wp-json\/wp\/v2\/users\/1"}],"replies":[{"embeddable":true,"href":"https:\/\/telegram-channel.net\/es\/wp-json\/wp\/v2\/comments?post=125134"}],"version-history":[{"count":0,"href":"https:\/\/telegram-channel.net\/es\/wp-json\/wp\/v2\/pages\/125134\/revisions"}],"wp:attachment":[{"href":"https:\/\/telegram-channel.net\/es\/wp-json\/wp\/v2\/media?parent=125134"}],"curies":[{"name":"wp","href":"https:\/\/api.w.org\/{rel}","templated":true}]}}