{"id":126752,"date":"2021-07-18T06:52:15","date_gmt":"2021-07-18T06:52:15","guid":{"rendered":"https:\/\/telegram-channel.net\/es\/?page_id=126752"},"modified":"2022-07-19T19:40:21","modified_gmt":"2022-07-19T19:40:21","slug":"register","status":"publish","type":"page","link":"https:\/\/telegram-channel.net\/es\/register\/","title":{"rendered":"Registrarse"},"content":{"rendered":"        \r\n                    <div class=\"uk-width-large uk-margin-auto uk-card uk-card-body uk-padding-remove\">\r\n                <h3 class=\"uk-card-title uk-text-center uk-margin-medium-bottom\">Registrarse<\/h3>\r\n                <form id=\"register\" action=\"\" method=\"post\">\r\n                    <div class=\"status\"><\/div>\r\n                                        <div class=\"uk-margin\">\r\n                        <div class=\"uk-grid uk-child-width-1-1 uk-grid-small\" data-uk-grid>\r\n                                                        <div>\r\n                                <a href=\"?oauth=google\" class=\"uk-button uk-button-large uk-button-default uk-width-1-1\">\r\n                                    <img decoding=\"async\" src=\"https:\/\/telegram-channel.net\/es\/wp-content\/plugins\/social-media-directory-users\/assets\/images\/g-logo.png\" alt=\"Google logo\" class=\"smd-users-social-login-logo\">\r\n                                    Inicia sesi\u00f3n con Google                                <\/a>\r\n                            <\/div>\r\n                                                                                <\/div>\r\n                    <\/div>\r\n                    <div class=\"uk-margin-medium\">\r\n                        <p class=\"uk-heading-line uk-text-center uk-padding-small uk-padding-remove-horizontal\"><span>O<span><\/p>\r\n                    <\/div>\r\n                                        <div class=\"uk-margin\">\r\n                        <div class=\"uk-inline uk-width-1-1\">\r\n                            <span class=\"uk-form-icon\" data-uk-icon=\"icon: mail\"><\/span>\r\n                            <input type=\"text\" name=\"email\" id=\"email\" class=\"uk-input uk-form-large\" placeholder=\"Correo electr\u00f3nico\" data-rule-required=\"true\" data-rule-email=\"true\" data-msg-required=\"El campo de correo electr\u00f3nico es obligatorio.\" data-msg-email=\"Por favor, introduce una direcci\u00f3n de correo electr\u00f3nico v\u00e1lida.\">\r\n                        <\/div>\r\n                    <\/div>\r\n                    <div class=\"uk-margin\">\r\n                        <div class=\"uk-inline uk-width-1-1\">\r\n                            <span class=\"uk-form-icon\" data-uk-icon=\"icon: lock\"><\/span>\r\n                            <input type=\"password\" name=\"password\" id=\"password\" class=\"uk-input uk-form-large\" placeholder=\"Clave\" data-rule-required=\"true\" data-msg-required=\"El campo de contrase\u00f1a es obligatorio.\" data-rule-minlength=\"8\" data-msg-minlength=\"La contrase\u00f1a debe tener al menos 8 caracteres.\">\r\n                        <\/div>\r\n                    <\/div>\r\n                                                            <div class=\"uk-margin\">\r\n                        <div class=\"g-recaptcha\" data-sitekey=\"6Ld59xwaAAAAAPT24tPkTyNsOa9JUe-JDXt8XVSW\"><\/div>                    <\/div>\r\n                    <div class=\"uk-margin\">\r\n                        <button type=\"submit\" name=\"submit\" class=\"uk-button uk-button-secondary uk-button-large uk-width-1-1\">Registrarse<\/button>\r\n                    <\/div>\r\n                    <div class=\"uk-text-small uk-text-center\">\r\n                        Ya tienes una cuenta? <a href=\"https:\/\/telegram-channel.net\/es\/login\/\">Ingresar<\/a>\r\n                    <\/div>\r\n                    <input type=\"hidden\" id=\"security\" name=\"security\" value=\"5c43fc5218\" \/><input type=\"hidden\" name=\"_wp_http_referer\" value=\"\/es\/wp-json\/wp\/v2\/pages\/126752\" \/>                <\/form>\r\n            <\/div>\r\n                \r\n        \n","protected":false},"excerpt":{"rendered":"","protected":false},"author":1,"featured_media":0,"parent":0,"menu_order":0,"comment_status":"closed","ping_status":"closed","template":"clean-page-template.php","meta":{"footnotes":""},"class_list":["post-126752","page","type-page","status-publish","hentry"],"aioseo_notices":[],"_links":{"self":[{"href":"https:\/\/telegram-channel.net\/es\/wp-json\/wp\/v2\/pages\/126752","targetHints":{"allow":["GET"]}}],"collection":[{"href":"https:\/\/telegram-channel.net\/es\/wp-json\/wp\/v2\/pages"}],"about":[{"href":"https:\/\/telegram-channel.net\/es\/wp-json\/wp\/v2\/types\/page"}],"author":[{"embeddable":true,"href":"https:\/\/telegram-channel.net\/es\/wp-json\/wp\/v2\/users\/1"}],"replies":[{"embeddable":true,"href":"https:\/\/telegram-channel.net\/es\/wp-json\/wp\/v2\/comments?post=126752"}],"version-history":[{"count":0,"href":"https:\/\/telegram-channel.net\/es\/wp-json\/wp\/v2\/pages\/126752\/revisions"}],"wp:attachment":[{"href":"https:\/\/telegram-channel.net\/es\/wp-json\/wp\/v2\/media?parent=126752"}],"curies":[{"name":"wp","href":"https:\/\/api.w.org\/{rel}","templated":true}]}}