{"id":2,"date":"2017-03-24T22:14:10","date_gmt":"2017-03-24T22:14:10","guid":{"rendered":"https:\/\/telegram-channel.net\/es\/?page_id=2"},"modified":"2025-09-25T11:36:24","modified_gmt":"2025-09-25T11:36:24","slug":"contact-us","status":"publish","type":"page","link":"https:\/\/telegram-channel.net\/es\/contact-us\/","title":{"rendered":"Contacta con nosotros"},"content":{"rendered":"<div class=\"uk-grid uk-grid-column-large uk-grid-match uk-flex-middle\" data-uk-grid=\"\">\r\n    \n<div class=\"uk-width-1-1 uk-width-1-2@l\">\r\n    <div >\r\n                            \n<div class=\"uk-heading-small\">\r\n        <strong>Cont\u00e1ctanos<\/strong>    <\/div>\n\n<p class=\"uk-text-lead\">\r\n    Estamos aqu\u00ed para ayudarte con tus preguntas, comentarios y solicitudes de colaboraci\u00f3n.<\/p>\n\n\r\n<hr class=\"uk-divider-small uk-margin-medium uk-margin-remove-top\">\r\n\n\n<p >\r\n    Gracias por visitar telegram-channel.net, un directorio de canales, grupos y bots de Telegram.<\/p>\n\n<p >\r\n    Si tienes preguntas o solicitudes, utiliza el formulario de esta p\u00e1gina. Procuramos responder lo antes posible.<\/p>\n\n<div class=\"uk-alert uk-alert-primary uk-margin-medium\">\r\n                    <div class=\"uk-h4\">\r\n            Nota importante        <\/div>\r\n                        <div class=\"uk-panel\">\r\n            \u2013 telegram-channel.net es un servicio independiente y <strong>no est\u00e1 afiliado a Telegram<\/strong>.<br>\u2013 Para una respuesta m\u00e1s r\u00e1pida, escribe <strong>en ingl\u00e9s<\/strong>. (Los mensajes en otros idiomas son bienvenidos; nuestra respuesta puede tardar m\u00e1s.)        <\/div>\r\n            <\/div>\n            <\/div>\r\n<\/div>\n\n<div class=\"uk-width-1-1 uk-width-1-2@l\">\r\n    <div >\r\n                            \n\t\t\r\n\t\t\t\t<form class=\"uk-form-stacked\" action=\"\" method=\"POST\" id=\"contact-us-form\">\r\n\t\t\t<div class=\"uk-margin\">\r\n\t\t\t\t<label class=\"uk-form-label\" for=\"your-name\">Nombre *<\/label>\r\n\t\t\t\t<div class=\"uk-form-controls\">\r\n\t\t\t\t\t<input type=\"text\" name=\"your_name\" id=\"your-name\" class=\"uk-input uk-form-width-large\" required>\r\n\t\t\t\t<\/div>\r\n\t\t\t<\/div>\r\n            \t\t\t<div class=\"uk-hidden\">\r\n\t\t\t\t<label class=\"uk-form-label\" for=\"company\">Company *<\/label>\r\n\t\t\t\t<div class=\"uk-form-controls\">\r\n\t\t\t\t\t<input type=\"text\" name=\"company\" id=\"company\" class=\"uk-input uk-form-width-large\">\r\n\t\t\t\t<\/div>\r\n\t\t\t<\/div>\r\n            \t\t\t<div class=\"uk-margin\">\r\n\t\t\t\t<label class=\"uk-form-label\" for=\"email\">Correo electr\u00f3nico *<\/label>\r\n\t\t\t\t<div class=\"uk-form-controls\">\r\n\t\t\t\t\t<input type=\"text\" name=\"email\" id=\"email\" class=\"uk-input uk-form-width-large uk-text-left\" style=\"direction: ltr\" required>\r\n\t\t\t\t<\/div>\r\n\t\t\t<\/div>\r\n\t\t\t\t\t\t\t\t\t<div class=\"uk-margin\">\r\n\t\t\t\t<label class=\"uk-form-label\" for=\"telegram_username\">Telegram Username<\/label>\r\n\t\t\t\t<div class=\"uk-form-controls\">\r\n\t\t\t\t\t<input type=\"text\" name=\"telegram_username\" id=\"telegram_username\" class=\"uk-input uk-form-width-large uk-text-left\" style=\"direction: ltr\">\r\n\t\t\t\t<\/div>\r\n\t\t\t<\/div>\r\n\t\t\t\t\t\t<div class=\"uk-margin\">\r\n\t\t\t\t<label class=\"uk-form-label\" for=\"subject\">Asunto<\/label>\r\n\t\t\t\t<div class=\"uk-form-controls\">\r\n\t\t\t\t\t<input type=\"text\" name=\"subject\" id=\"subject\" class=\"uk-input uk-form-width-large\">\r\n\t\t\t\t<\/div>\r\n\t\t\t<\/div>\r\n\t\t\t<div class=\"uk-margin\">\r\n\t\t\t\t<label class=\"uk-form-label\" for=\"message\">Mensaje *<\/label>\r\n\t\t\t\t<div class=\"uk-form-controls\">\r\n\t\t\t\t\t<textarea name=\"message\" rows=\"5\" id=\"message\" class=\"uk-textarea uk-form-width-large\" required><\/textarea>\r\n\t\t\t\t<\/div>\r\n\t\t\t<\/div>\r\n\t\t\t<div class=\"uk-margin\">\r\n\t\t\t\t<div class=\"uk-form-controls\">\r\n                    <div class=\"g-recaptcha\" data-sitekey=\"6Ld59xwaAAAAAPT24tPkTyNsOa9JUe-JDXt8XVSW\"><\/div>\t\t\t\t<\/div>\r\n\t\t\t<\/div>\r\n\t\t\t<div class=\"uk-margin\">\r\n\t\t\t\t<div class=\"uk-form-controls\">\r\n\t\t\t\t\t<button class=\"uk-button uk-button-large uk-button-secondary\" type=\"submit\">Entregar<\/button>\r\n\t\t\t\t<\/div>\r\n\t\t\t<\/div>\r\n\t\t<\/form>\r\n\t\t\r\n\t\t\n\n            <\/div>\r\n<\/div>\n<\/div>","protected":false},"excerpt":{"rendered":"","protected":false},"author":1,"featured_media":0,"parent":0,"menu_order":0,"comment_status":"closed","ping_status":"closed","template":"clean-page-template.php","meta":{"footnotes":""},"class_list":["post-2","page","type-page","status-publish","hentry"],"aioseo_notices":[],"_links":{"self":[{"href":"https:\/\/telegram-channel.net\/es\/wp-json\/wp\/v2\/pages\/2","targetHints":{"allow":["GET"]}}],"collection":[{"href":"https:\/\/telegram-channel.net\/es\/wp-json\/wp\/v2\/pages"}],"about":[{"href":"https:\/\/telegram-channel.net\/es\/wp-json\/wp\/v2\/types\/page"}],"author":[{"embeddable":true,"href":"https:\/\/telegram-channel.net\/es\/wp-json\/wp\/v2\/users\/1"}],"replies":[{"embeddable":true,"href":"https:\/\/telegram-channel.net\/es\/wp-json\/wp\/v2\/comments?post=2"}],"version-history":[{"count":5,"href":"https:\/\/telegram-channel.net\/es\/wp-json\/wp\/v2\/pages\/2\/revisions"}],"predecessor-version":[{"id":130620,"href":"https:\/\/telegram-channel.net\/es\/wp-json\/wp\/v2\/pages\/2\/revisions\/130620"}],"wp:attachment":[{"href":"https:\/\/telegram-channel.net\/es\/wp-json\/wp\/v2\/media?parent=2"}],"curies":[{"name":"wp","href":"https:\/\/api.w.org\/{rel}","templated":true}]}}