{"id":124490,"date":"2021-05-04T18:24:09","date_gmt":"2021-05-04T18:24:09","guid":{"rendered":"https:\/\/telegram-channel.net\/pt\/?page_id=124490"},"modified":"2022-07-19T19:38:40","modified_gmt":"2022-07-19T19:38:40","slug":"forgot-password","status":"publish","type":"page","link":"https:\/\/telegram-channel.net\/pt\/forgot-password\/","title":{"rendered":"Esqueceu a senha"},"content":{"rendered":"        \r\n                    <div class=\"uk-width-large uk-margin-auto uk-card uk-card-body uk-padding-remove\">\r\n                                <h3 class=\"uk-card-title uk-text-center uk-margin-medium-bottom\">Esqueceu a senha<\/h3>\r\n                <p>Digite seu endere\u00e7o de e-mail que voc\u00ea usou para se registrar. Enviaremos a voc\u00ea um e-mail com um link para redefinir sua senha.<\/p>\r\n                <form id=\"forgot_pwd\" action=\"\" method=\"post\">\r\n                    <div class=\"status\"><\/div>\r\n                    <div class=\"uk-margin\">\r\n                        <div class=\"uk-inline uk-width-1-1\">\r\n                            <span class=\"uk-form-icon\" data-uk-icon=\"icon: mail\"><\/span>\r\n                            <input type=\"text\" name=\"email\" id=\"email\" class=\"uk-input uk-form-large\" placeholder=\"O email\" data-rule-required=\"true\" data-rule-email=\"true\" data-msg-required=\"O campo do email \u00e9 obrigat\u00f3rio.\" data-msg-email=\"Por favor insira um endere\u00e7o de e-mail v\u00e1lido.\">\r\n                        <\/div>\r\n                    <\/div>\r\n                    <div class=\"uk-margin\">\r\n                        <div class=\"g-recaptcha\" data-sitekey=\"6Ld59xwaAAAAAPT24tPkTyNsOa9JUe-JDXt8XVSW\"><\/div>                    <\/div>\r\n                    <div class=\"uk-margin\">\r\n                        <button class=\"uk-button uk-button-secondary uk-button-large uk-width-1-1\">Enviar<\/button>\r\n                    <\/div>\r\n                    <div class=\"uk-text-small uk-text-center\">\r\n                        <a href=\"https:\/\/telegram-channel.net\/pt\/login\/\">Volte ao login<\/a>\r\n                    <\/div>\r\n                    <input type=\"hidden\" id=\"security\" name=\"security\" value=\"266fb15188\" \/><input type=\"hidden\" name=\"_wp_http_referer\" value=\"\/pt\/wp-json\/wp\/v2\/pages\/124490\" \/>                <\/form>\r\n                            <\/div>\r\n                \r\n        \n","protected":false},"excerpt":{"rendered":"","protected":false},"author":1,"featured_media":0,"parent":0,"menu_order":0,"comment_status":"closed","ping_status":"closed","template":"clean-page-template.php","meta":{"footnotes":""},"class_list":["post-124490","page","type-page","status-publish","hentry"],"aioseo_notices":[],"_links":{"self":[{"href":"https:\/\/telegram-channel.net\/pt\/wp-json\/wp\/v2\/pages\/124490","targetHints":{"allow":["GET"]}}],"collection":[{"href":"https:\/\/telegram-channel.net\/pt\/wp-json\/wp\/v2\/pages"}],"about":[{"href":"https:\/\/telegram-channel.net\/pt\/wp-json\/wp\/v2\/types\/page"}],"author":[{"embeddable":true,"href":"https:\/\/telegram-channel.net\/pt\/wp-json\/wp\/v2\/users\/1"}],"replies":[{"embeddable":true,"href":"https:\/\/telegram-channel.net\/pt\/wp-json\/wp\/v2\/comments?post=124490"}],"version-history":[{"count":0,"href":"https:\/\/telegram-channel.net\/pt\/wp-json\/wp\/v2\/pages\/124490\/revisions"}],"wp:attachment":[{"href":"https:\/\/telegram-channel.net\/pt\/wp-json\/wp\/v2\/media?parent=124490"}],"curies":[{"name":"wp","href":"https:\/\/api.w.org\/{rel}","templated":true}]}}