{"id":2,"date":"2017-03-24T22:14:10","date_gmt":"2017-03-24T22:14:10","guid":{"rendered":"https:\/\/telegram-channel.net\/pt\/?page_id=2"},"modified":"2025-09-25T11:45:31","modified_gmt":"2025-09-25T11:45:31","slug":"contact-us","status":"publish","type":"page","link":"https:\/\/telegram-channel.net\/pt\/contact-us\/","title":{"rendered":"Contacte-nos"},"content":{"rendered":"<div class=\"uk-grid uk-grid-column-large uk-grid-match uk-flex-middle\" data-uk-grid=\"\">\r\n    \n<div class=\"uk-width-1-1 uk-width-1-2@l\">\r\n    <div >\r\n                            \n<div class=\"uk-heading-small\">\r\n        <strong>Fale conosco<\/strong>    <\/div>\n\n<p class=\"uk-text-lead\">\r\n    Estamos aqui para ajudar com suas perguntas, feedback e solicita\u00e7\u00f5es de parceria.<\/p>\n\n\r\n<hr class=\"uk-divider-small uk-margin-medium uk-margin-remove-top\">\r\n\n\n<p >\r\n    Obrigado por visitar telegram-channel.net, um diret\u00f3rio de canais, grupos e bots do Telegram.<\/p>\n\n<p >\r\n    Se tiver d\u00favidas ou solicita\u00e7\u00f5es, utilize o formul\u00e1rio nesta p\u00e1gina. Procuramos responder o mais r\u00e1pido poss\u00edvel.<\/p>\n\n<div class=\"uk-alert uk-alert-primary uk-margin-medium\">\r\n                    <div class=\"uk-h4\">\r\n            Nota importante        <\/div>\r\n                        <div class=\"uk-panel\">\r\n            \u2013 telegram-channel.net \u00e9 um servi\u00e7o independente e <strong>n\u00e3o \u00e9 afiliado ao Telegram<\/strong>.<br>\u2013 Para obter a resposta mais r\u00e1pida, escreva <strong>em ingl\u00eas<\/strong>. (Mensagens em outros idiomas s\u00e3o bem-vindas; nossa resposta pode demorar mais.)        <\/div>\r\n            <\/div>\n            <\/div>\r\n<\/div>\n\n<div class=\"uk-width-1-1 uk-width-1-2@l\">\r\n    <div >\r\n                            \n\t\t\r\n\t\t\t\t<form class=\"uk-form-stacked\" action=\"\" method=\"POST\" id=\"contact-us-form\">\r\n\t\t\t<div class=\"uk-margin\">\r\n\t\t\t\t<label class=\"uk-form-label\" for=\"your-name\">Nome *<\/label>\r\n\t\t\t\t<div class=\"uk-form-controls\">\r\n\t\t\t\t\t<input type=\"text\" name=\"your_name\" id=\"your-name\" class=\"uk-input uk-form-width-large\" required>\r\n\t\t\t\t<\/div>\r\n\t\t\t<\/div>\r\n            \t\t\t<div class=\"uk-hidden\">\r\n\t\t\t\t<label class=\"uk-form-label\" for=\"company\">Company *<\/label>\r\n\t\t\t\t<div class=\"uk-form-controls\">\r\n\t\t\t\t\t<input type=\"text\" name=\"company\" id=\"company\" class=\"uk-input uk-form-width-large\">\r\n\t\t\t\t<\/div>\r\n\t\t\t<\/div>\r\n            \t\t\t<div class=\"uk-margin\">\r\n\t\t\t\t<label class=\"uk-form-label\" for=\"email\">O email *<\/label>\r\n\t\t\t\t<div class=\"uk-form-controls\">\r\n\t\t\t\t\t<input type=\"text\" name=\"email\" id=\"email\" class=\"uk-input uk-form-width-large uk-text-left\" style=\"direction: ltr\" required>\r\n\t\t\t\t<\/div>\r\n\t\t\t<\/div>\r\n\t\t\t\t\t\t\t\t\t<div class=\"uk-margin\">\r\n\t\t\t\t<label class=\"uk-form-label\" for=\"telegram_username\">Telegram Username<\/label>\r\n\t\t\t\t<div class=\"uk-form-controls\">\r\n\t\t\t\t\t<input type=\"text\" name=\"telegram_username\" id=\"telegram_username\" class=\"uk-input uk-form-width-large uk-text-left\" style=\"direction: ltr\">\r\n\t\t\t\t<\/div>\r\n\t\t\t<\/div>\r\n\t\t\t\t\t\t<div class=\"uk-margin\">\r\n\t\t\t\t<label class=\"uk-form-label\" for=\"subject\">Assunto<\/label>\r\n\t\t\t\t<div class=\"uk-form-controls\">\r\n\t\t\t\t\t<input type=\"text\" name=\"subject\" id=\"subject\" class=\"uk-input uk-form-width-large\">\r\n\t\t\t\t<\/div>\r\n\t\t\t<\/div>\r\n\t\t\t<div class=\"uk-margin\">\r\n\t\t\t\t<label class=\"uk-form-label\" for=\"message\">Mensagem *<\/label>\r\n\t\t\t\t<div class=\"uk-form-controls\">\r\n\t\t\t\t\t<textarea name=\"message\" rows=\"5\" id=\"message\" class=\"uk-textarea uk-form-width-large\" required><\/textarea>\r\n\t\t\t\t<\/div>\r\n\t\t\t<\/div>\r\n\t\t\t<div class=\"uk-margin\">\r\n\t\t\t\t<div class=\"uk-form-controls\">\r\n                    <div class=\"g-recaptcha\" data-sitekey=\"6Ld59xwaAAAAAPT24tPkTyNsOa9JUe-JDXt8XVSW\"><\/div>\t\t\t\t<\/div>\r\n\t\t\t<\/div>\r\n\t\t\t<div class=\"uk-margin\">\r\n\t\t\t\t<div class=\"uk-form-controls\">\r\n\t\t\t\t\t<button class=\"uk-button uk-button-large uk-button-secondary\" type=\"submit\">Enviar<\/button>\r\n\t\t\t\t<\/div>\r\n\t\t\t<\/div>\r\n\t\t<\/form>\r\n\t\t\r\n\t\t\n\n            <\/div>\r\n<\/div>\n<\/div>","protected":false},"excerpt":{"rendered":"","protected":false},"author":1,"featured_media":0,"parent":0,"menu_order":0,"comment_status":"closed","ping_status":"closed","template":"clean-page-template.php","meta":{"footnotes":""},"class_list":["post-2","page","type-page","status-publish","hentry"],"aioseo_notices":[],"_links":{"self":[{"href":"https:\/\/telegram-channel.net\/pt\/wp-json\/wp\/v2\/pages\/2","targetHints":{"allow":["GET"]}}],"collection":[{"href":"https:\/\/telegram-channel.net\/pt\/wp-json\/wp\/v2\/pages"}],"about":[{"href":"https:\/\/telegram-channel.net\/pt\/wp-json\/wp\/v2\/types\/page"}],"author":[{"embeddable":true,"href":"https:\/\/telegram-channel.net\/pt\/wp-json\/wp\/v2\/users\/1"}],"replies":[{"embeddable":true,"href":"https:\/\/telegram-channel.net\/pt\/wp-json\/wp\/v2\/comments?post=2"}],"version-history":[{"count":6,"href":"https:\/\/telegram-channel.net\/pt\/wp-json\/wp\/v2\/pages\/2\/revisions"}],"predecessor-version":[{"id":130343,"href":"https:\/\/telegram-channel.net\/pt\/wp-json\/wp\/v2\/pages\/2\/revisions\/130343"}],"wp:attachment":[{"href":"https:\/\/telegram-channel.net\/pt\/wp-json\/wp\/v2\/media?parent=2"}],"curies":[{"name":"wp","href":"https:\/\/api.w.org\/{rel}","templated":true}]}}